{"id":3067,"date":"2026-03-10T02:58:24","date_gmt":"2026-03-10T02:58:24","guid":{"rendered":"https:\/\/sucremantatv.com\/?page_id=3067"},"modified":"2026-03-10T02:59:15","modified_gmt":"2026-03-10T02:59:15","slug":"quienes-somos","status":"publish","type":"page","link":"https:\/\/sucremantatv.com\/?page_id=3067","title":{"rendered":"Quienes somos"},"content":{"rendered":"\n<p>Somos un medio de comunicaci\u00f3n digital con informaci\u00f3n, entretenimiento y la musicalizaci\u00f3n, que trabaja desde Sucre, Bolivia las 24\/7.<\/p>\n","protected":false},"excerpt":{"rendered":"<p>Somos un medio de comunicaci\u00f3n digital con informaci\u00f3n, entretenimiento y la musicalizaci\u00f3n, que trabaja desde Sucre, Bolivia las 24\/7.<\/p>\n","protected":false},"author":1,"featured_media":0,"parent":0,"menu_order":0,"comment_status":"closed","ping_status":"closed","template":"","meta":{"footnotes":""},"class_list":["post-3067","page","type-page","status-publish","hentry"],"_links":{"self":[{"href":"https:\/\/sucremantatv.com\/index.php?rest_route=\/wp\/v2\/pages\/3067","targetHints":{"allow":["GET"]}}],"collection":[{"href":"https:\/\/sucremantatv.com\/index.php?rest_route=\/wp\/v2\/pages"}],"about":[{"href":"https:\/\/sucremantatv.com\/index.php?rest_route=\/wp\/v2\/types\/page"}],"author":[{"embeddable":true,"href":"https:\/\/sucremantatv.com\/index.php?rest_route=\/wp\/v2\/users\/1"}],"replies":[{"embeddable":true,"href":"https:\/\/sucremantatv.com\/index.php?rest_route=%2Fwp%2Fv2%2Fcomments&post=3067"}],"version-history":[{"count":2,"href":"https:\/\/sucremantatv.com\/index.php?rest_route=\/wp\/v2\/pages\/3067\/revisions"}],"predecessor-version":[{"id":3070,"href":"https:\/\/sucremantatv.com\/index.php?rest_route=\/wp\/v2\/pages\/3067\/revisions\/3070"}],"wp:attachment":[{"href":"https:\/\/sucremantatv.com\/index.php?rest_route=%2Fwp%2Fv2%2Fmedia&parent=3067"}],"curies":[{"name":"wp","href":"https:\/\/api.w.org\/{rel}","templated":true}]}}